{"id":2,"date":"2025-08-08T07:42:44","date_gmt":"2025-08-08T07:42:44","guid":{"rendered":"https:\/\/lapuente2012.rkinformatika.online\/?page_id=2"},"modified":"2025-08-25T12:12:16","modified_gmt":"2025-08-25T12:12:16","slug":"inicio","status":"publish","type":"page","link":"https:\/\/lapuente2012.com\/en\/","title":{"rendered":"Home"},"content":{"rendered":"<div data-elementor-type=\"wp-page\" data-elementor-id=\"2\" class=\"elementor elementor-2\" data-elementor-post-type=\"page\">\n\t\t\t\t<div class=\"elementor-element elementor-element-c5f0e5d e-con-full e-flex e-con e-parent\" data-id=\"c5f0e5d\" data-element_type=\"container\" data-e-type=\"container\" data-settings=\"{&quot;background_background&quot;:&quot;classic&quot;}\">\n\t\t\t\t<\/div>\n\t\t<div class=\"elementor-element elementor-element-37ef012 e-flex e-con-boxed e-con e-parent\" data-id=\"37ef012\" data-element_type=\"container\" data-e-type=\"container\">\n\t\t\t\t\t<div class=\"e-con-inner\">\n\t\t\t\t<div class=\"elementor-element elementor-element-4fcca421 elementor-widget elementor-widget-heading\" data-id=\"4fcca421\" data-element_type=\"widget\" data-e-type=\"widget\" data-widget_type=\"heading.default\">\n\t\t\t\t\t<h2 class=\"elementor-heading-title elementor-size-default\">Company history\n<\/h2>\t\t\t\t<\/div>\n\t\t\t\t<div class=\"elementor-element elementor-element-2ef5325e elementor-widget elementor-widget-heading\" data-id=\"2ef5325e\" data-element_type=\"widget\" data-e-type=\"widget\" data-widget_type=\"heading.default\">\n\t\t\t\t\t<h2 class=\"elementor-heading-title elementor-size-default\">Meeting and flavor in every visit to Bizkaia.\n<\/h2>\t\t\t\t<\/div>\n\t\t\t\t<div class=\"elementor-element elementor-element-3749e8c5 elementor-widget__width-initial elementor-widget elementor-widget-text-editor\" data-id=\"3749e8c5\" data-element_type=\"widget\" data-e-type=\"widget\" data-widget_type=\"text-editor.default\">\n\t\t\t\t\t\t\t\t\t<p data-start=\"172\" data-end=\"506\">The <strong data-start=\"204\" data-end=\"230\">Bar La Puente<\/strong> It was born with the vision of becoming a welcoming and authentic space in the heart of Bizkaia. From the beginning, our mission has been to offer not only quality drinks and food but also a meeting place for friends, family, and customers of all ages.<\/p><p data-start=\"508\" data-end=\"745\">Over the years, we have combined the <strong data-start=\"551\" data-end=\"586\">tradition of Basque pintxos<\/strong> and local cider with a modern and welcoming atmosphere, adapting to our customers' needs while always maintaining a warm and professional service.<\/p><p data-start=\"747\" data-end=\"1020\">Today, <strong data-start=\"752\" data-end=\"778\">Bar La Puente<\/strong>\u00a0It is much more than a bar: it is a meeting point where culture, gastronomy, and friendship come together to create unique experiences. Every visit reflects our commitment to quality, good service, and a passion for hospitality.<\/p>\t\t\t\t\t\t\t\t<\/div>\n\t\t\t\t\t<\/div>\n\t\t\t\t<\/div>\n\t\t\t\t<\/div>","protected":false},"excerpt":{"rendered":"<p>Historia de la empresa \u201cEncuentro y sabor en cada visita a Bizkaia.\u201d El Bar La Puente naci\u00f3 con la visi\u00f3n de convertirse en un espacio acogedor y aut\u00e9ntico en el coraz\u00f3n de Bizkaia. Desde sus inicios, nuestra misi\u00f3n ha sido ofrecer no solo bebidas y comida de calidad, sino tambi\u00e9n un lugar de encuentro para [&hellip;]<\/p>\n","protected":false},"author":1,"featured_media":0,"parent":0,"menu_order":0,"comment_status":"closed","ping_status":"closed","template":"","meta":{"footnotes":""},"class_list":["post-2","page","type-page","status-publish","hentry"],"yoast_head":"<!-- This site is optimized with the Yoast SEO plugin v27.3 - https:\/\/yoast.com\/product\/yoast-seo-wordpress\/ -->\n<title>Inicio - La Puente 2012<\/title>\n<meta name=\"robots\" content=\"index, follow, max-snippet:-1, max-image-preview:large, max-video-preview:-1\" \/>\n<link rel=\"canonical\" href=\"https:\/\/lapuente2012.com\/en\/\" \/>\n<meta property=\"og:locale\" content=\"en_GB\" \/>\n<meta property=\"og:type\" content=\"article\" \/>\n<meta property=\"og:title\" content=\"Inicio - La Puente 2012\" \/>\n<meta property=\"og:description\" content=\"Historia de la empresa \u201cEncuentro y sabor en cada visita a Bizkaia.\u201d El Bar La Puente naci\u00f3 con la visi\u00f3n de convertirse en un espacio acogedor y aut\u00e9ntico en el coraz\u00f3n de Bizkaia. Desde sus inicios, nuestra misi\u00f3n ha sido ofrecer no solo bebidas y comida de calidad, sino tambi\u00e9n un lugar de encuentro para [&hellip;]\" \/>\n<meta property=\"og:url\" content=\"https:\/\/lapuente2012.com\/en\/\" \/>\n<meta property=\"og:site_name\" content=\"La Puente 2012\" \/>\n<meta property=\"article:modified_time\" content=\"2025-08-25T12:12:16+00:00\" \/>\n<meta name=\"twitter:card\" content=\"summary_large_image\" \/>\n<meta name=\"twitter:label1\" content=\"Estimated reading time\" \/>\n\t<meta name=\"twitter:data1\" content=\"1 minute\" \/>\n<script type=\"application\/ld+json\" class=\"yoast-schema-graph\">{\"@context\":\"https:\\\/\\\/schema.org\",\"@graph\":[{\"@type\":\"WebPage\",\"@id\":\"https:\\\/\\\/lapuente2012.com\\\/\",\"url\":\"https:\\\/\\\/lapuente2012.com\\\/\",\"name\":\"Inicio - La Puente 2012\",\"isPartOf\":{\"@id\":\"https:\\\/\\\/lapuente2012.com\\\/#website\"},\"datePublished\":\"2025-08-08T07:42:44+00:00\",\"dateModified\":\"2025-08-25T12:12:16+00:00\",\"breadcrumb\":{\"@id\":\"https:\\\/\\\/lapuente2012.com\\\/#breadcrumb\"},\"inLanguage\":\"en-GB\",\"potentialAction\":[{\"@type\":\"ReadAction\",\"target\":[\"https:\\\/\\\/lapuente2012.com\\\/\"]}]},{\"@type\":\"BreadcrumbList\",\"@id\":\"https:\\\/\\\/lapuente2012.com\\\/#breadcrumb\",\"itemListElement\":[{\"@type\":\"ListItem\",\"position\":1,\"name\":\"Portada\",\"item\":\"https:\\\/\\\/lapuente2012.com\\\/\"},{\"@type\":\"ListItem\",\"position\":2,\"name\":\"Inicio\"}]},{\"@type\":\"WebSite\",\"@id\":\"https:\\\/\\\/lapuente2012.com\\\/#website\",\"url\":\"https:\\\/\\\/lapuente2012.com\\\/\",\"name\":\"La Puente 2012\",\"description\":\"\",\"publisher\":{\"@id\":\"https:\\\/\\\/lapuente2012.com\\\/#organization\"},\"potentialAction\":[{\"@type\":\"SearchAction\",\"target\":{\"@type\":\"EntryPoint\",\"urlTemplate\":\"https:\\\/\\\/lapuente2012.com\\\/?s={search_term_string}\"},\"query-input\":{\"@type\":\"PropertyValueSpecification\",\"valueRequired\":true,\"valueName\":\"search_term_string\"}}],\"inLanguage\":\"en-GB\"},{\"@type\":\"Organization\",\"@id\":\"https:\\\/\\\/lapuente2012.com\\\/#organization\",\"name\":\"La Puente 2012\",\"url\":\"https:\\\/\\\/lapuente2012.com\\\/\",\"logo\":{\"@type\":\"ImageObject\",\"inLanguage\":\"en-GB\",\"@id\":\"https:\\\/\\\/lapuente2012.com\\\/#\\\/schema\\\/logo\\\/image\\\/\",\"url\":\"https:\\\/\\\/lapuente2012.com\\\/wp-content\\\/uploads\\\/2025\\\/08\\\/cropped-Logo_Mesa-de-trabajo-1.png\",\"contentUrl\":\"https:\\\/\\\/lapuente2012.com\\\/wp-content\\\/uploads\\\/2025\\\/08\\\/cropped-Logo_Mesa-de-trabajo-1.png\",\"width\":1598,\"height\":1080,\"caption\":\"La Puente 2012\"},\"image\":{\"@id\":\"https:\\\/\\\/lapuente2012.com\\\/#\\\/schema\\\/logo\\\/image\\\/\"}}]}<\/script>\n<!-- \/ Yoast SEO plugin. -->","yoast_head_json":{"title":"Inicio - La Puente 2012","robots":{"index":"index","follow":"follow","max-snippet":"max-snippet:-1","max-image-preview":"max-image-preview:large","max-video-preview":"max-video-preview:-1"},"canonical":"https:\/\/lapuente2012.com\/en\/","og_locale":"en_GB","og_type":"article","og_title":"Inicio - La Puente 2012","og_description":"Historia de la empresa \u201cEncuentro y sabor en cada visita a Bizkaia.\u201d El Bar La Puente naci\u00f3 con la visi\u00f3n de convertirse en un espacio acogedor y aut\u00e9ntico en el coraz\u00f3n de Bizkaia. Desde sus inicios, nuestra misi\u00f3n ha sido ofrecer no solo bebidas y comida de calidad, sino tambi\u00e9n un lugar de encuentro para [&hellip;]","og_url":"https:\/\/lapuente2012.com\/en\/","og_site_name":"La Puente 2012","article_modified_time":"2025-08-25T12:12:16+00:00","twitter_card":"summary_large_image","twitter_misc":{"Estimated reading time":"1 minute"},"schema":{"@context":"https:\/\/schema.org","@graph":[{"@type":"WebPage","@id":"https:\/\/lapuente2012.com\/","url":"https:\/\/lapuente2012.com\/","name":"Inicio - La Puente 2012","isPartOf":{"@id":"https:\/\/lapuente2012.com\/#website"},"datePublished":"2025-08-08T07:42:44+00:00","dateModified":"2025-08-25T12:12:16+00:00","breadcrumb":{"@id":"https:\/\/lapuente2012.com\/#breadcrumb"},"inLanguage":"en-GB","potentialAction":[{"@type":"ReadAction","target":["https:\/\/lapuente2012.com\/"]}]},{"@type":"BreadcrumbList","@id":"https:\/\/lapuente2012.com\/#breadcrumb","itemListElement":[{"@type":"ListItem","position":1,"name":"Portada","item":"https:\/\/lapuente2012.com\/"},{"@type":"ListItem","position":2,"name":"Inicio"}]},{"@type":"WebSite","@id":"https:\/\/lapuente2012.com\/#website","url":"https:\/\/lapuente2012.com\/","name":"La Puente 2012","description":"","publisher":{"@id":"https:\/\/lapuente2012.com\/#organization"},"potentialAction":[{"@type":"SearchAction","target":{"@type":"EntryPoint","urlTemplate":"https:\/\/lapuente2012.com\/?s={search_term_string}"},"query-input":{"@type":"PropertyValueSpecification","valueRequired":true,"valueName":"search_term_string"}}],"inLanguage":"en-GB"},{"@type":"Organization","@id":"https:\/\/lapuente2012.com\/#organization","name":"La Puente 2012","url":"https:\/\/lapuente2012.com\/","logo":{"@type":"ImageObject","inLanguage":"en-GB","@id":"https:\/\/lapuente2012.com\/#\/schema\/logo\/image\/","url":"https:\/\/lapuente2012.com\/wp-content\/uploads\/2025\/08\/cropped-Logo_Mesa-de-trabajo-1.png","contentUrl":"https:\/\/lapuente2012.com\/wp-content\/uploads\/2025\/08\/cropped-Logo_Mesa-de-trabajo-1.png","width":1598,"height":1080,"caption":"La Puente 2012"},"image":{"@id":"https:\/\/lapuente2012.com\/#\/schema\/logo\/image\/"}}]}},"_links":{"self":[{"href":"https:\/\/lapuente2012.com\/en\/wp-json\/wp\/v2\/pages\/2","targetHints":{"allow":["GET"]}}],"collection":[{"href":"https:\/\/lapuente2012.com\/en\/wp-json\/wp\/v2\/pages"}],"about":[{"href":"https:\/\/lapuente2012.com\/en\/wp-json\/wp\/v2\/types\/page"}],"author":[{"embeddable":true,"href":"https:\/\/lapuente2012.com\/en\/wp-json\/wp\/v2\/users\/1"}],"replies":[{"embeddable":true,"href":"https:\/\/lapuente2012.com\/en\/wp-json\/wp\/v2\/comments?post=2"}],"version-history":[{"count":22,"href":"https:\/\/lapuente2012.com\/en\/wp-json\/wp\/v2\/pages\/2\/revisions"}],"predecessor-version":[{"id":174,"href":"https:\/\/lapuente2012.com\/en\/wp-json\/wp\/v2\/pages\/2\/revisions\/174"}],"wp:attachment":[{"href":"https:\/\/lapuente2012.com\/en\/wp-json\/wp\/v2\/media?parent=2"}],"curies":[{"name":"wp","href":"https:\/\/api.w.org\/{rel}","templated":true}]}}